{"id":7001,"date":"2022-04-28T07:48:06","date_gmt":"2022-04-28T07:48:06","guid":{"rendered":"https:\/\/www.asdelectrowavefishingteam.it\/?page_id=7001"},"modified":"2025-04-16T12:04:39","modified_gmt":"2025-04-16T12:04:39","slug":"bolentino-tecnica-in-evoluzione","status":"publish","type":"page","link":"https:\/\/www.asdelectrowavefishingteam.it\/index.php\/bolentino-tecnica-in-evoluzione\/","title":{"rendered":"Bolentino: tecnica in evoluzione"},"content":{"rendered":"\t\t<div data-elementor-type=\"wp-page\" data-elementor-id=\"7001\" class=\"elementor elementor-7001\">\n\t\t\t\t\t\t<section class=\"elementor-section elementor-top-section elementor-element elementor-element-74861f8 elementor-section-boxed elementor-section-height-default elementor-section-height-default\" data-id=\"74861f8\" data-element_type=\"section\">\n\t\t\t\t\t\t<div class=\"elementor-container elementor-column-gap-default\">\n\t\t\t\t\t<div class=\"elementor-column elementor-col-100 elementor-top-column elementor-element elementor-element-eed062d\" data-id=\"eed062d\" data-element_type=\"column\">\n\t\t\t<div class=\"elementor-widget-wrap elementor-element-populated\">\n\t\t\t\t\t\t<div class=\"elementor-element elementor-element-9cb9b88 elementor-widget elementor-widget-image\" data-id=\"9cb9b88\" data-element_type=\"widget\" data-widget_type=\"image.default\">\n\t\t\t\t<div class=\"elementor-widget-container\">\n\t\t\t\t\t\t\t\t\t\t\t\t\t\t\t<img fetchpriority=\"high\" decoding=\"async\" width=\"768\" height=\"1050\" src=\"https:\/\/www.asdelectrowavefishingteam.it\/wp-content\/uploads\/2025\/04\/BF5C7623-AB45-46C7-AE9D-1123A83E5CF4_L0_001-16_11_2024-14_16_45-768x1050.jpg\" class=\"attachment-medium_large size-medium_large wp-image-15189\" alt=\"\" srcset=\"https:\/\/www.asdelectrowavefishingteam.it\/wp-content\/uploads\/2025\/04\/BF5C7623-AB45-46C7-AE9D-1123A83E5CF4_L0_001-16_11_2024-14_16_45-768x1050.jpg 768w, https:\/\/www.asdelectrowavefishingteam.it\/wp-content\/uploads\/2025\/04\/BF5C7623-AB45-46C7-AE9D-1123A83E5CF4_L0_001-16_11_2024-14_16_45-219x300.jpg 219w, https:\/\/www.asdelectrowavefishingteam.it\/wp-content\/uploads\/2025\/04\/BF5C7623-AB45-46C7-AE9D-1123A83E5CF4_L0_001-16_11_2024-14_16_45-749x1024.jpg 749w, https:\/\/www.asdelectrowavefishingteam.it\/wp-content\/uploads\/2025\/04\/BF5C7623-AB45-46C7-AE9D-1123A83E5CF4_L0_001-16_11_2024-14_16_45-1124x1536.jpg 1124w, https:\/\/www.asdelectrowavefishingteam.it\/wp-content\/uploads\/2025\/04\/BF5C7623-AB45-46C7-AE9D-1123A83E5CF4_L0_001-16_11_2024-14_16_45.jpg 1142w\" sizes=\"(max-width: 768px) 100vw, 768px\" \/>\t\t\t\t\t\t\t\t\t\t\t\t\t\t\t<\/div>\n\t\t\t\t<\/div>\n\t\t\t\t\t<\/div>\n\t\t<\/div>\n\t\t\t\t\t<\/div>\n\t\t<\/section>\n\t\t\t\t<section class=\"elementor-section elementor-top-section elementor-element elementor-element-fd53d56 elementor-section-boxed elementor-section-height-default elementor-section-height-default\" data-id=\"fd53d56\" data-element_type=\"section\">\n\t\t\t\t\t\t<div class=\"elementor-container elementor-column-gap-default\">\n\t\t\t\t\t<div class=\"elementor-column elementor-col-100 elementor-top-column elementor-element elementor-element-5386838\" data-id=\"5386838\" data-element_type=\"column\">\n\t\t\t<div class=\"elementor-widget-wrap elementor-element-populated\">\n\t\t\t\t\t\t<div class=\"elementor-element elementor-element-00edf1d elementor-widget elementor-widget-text-editor\" data-id=\"00edf1d\" data-element_type=\"widget\" data-widget_type=\"text-editor.default\">\n\t\t\t\t<div class=\"elementor-widget-container\">\n\t\t\t\t\t\t\t\t\t<p><strong>Il bolentino<\/strong> vanta una storia che radica le sue origini in un passato quasi remoto; eppure, malgrado ci\u00f2, rimane una pesca quanto mai attuale.<br><span style=\"color: var( --e-global-color-text ); font-family: var( --e-global-typography-text-font-family ), Sans-serif; font-weight: var( --e-global-typography-text-font-weight );\">Anzi, con i tempi che corrono e la necessit\u00e0 di contenere i costi di una pescata, quest\u2019arte antica potr\u00e0 tornare prepotentemente alla ribalta, con alcune varianti, nuove ed evolute.<br><\/span><span style=\"color: var( --e-global-color-text ); font-family: var( --e-global-typography-text-font-family ), Sans-serif; font-weight: var( --e-global-typography-text-font-weight );\">Bisogna ammettere che oggi, per raggiungere risultati importanti in termini di qualit\u00e0 e quantit\u00e0 del pescato, \u00e8 indispensabile sviluppare la tecnica e l\u2019approccio: in una parola adeguarsi ai tempi (i pesci lo hanno gi\u00e0 fatto), sfruttando tanto le soluzioni di pesca pi\u00f9 moderne quanto le nuove conoscenze di biologia.<br><\/span><span style=\"color: var( --e-global-color-text ); font-family: var( --e-global-typography-text-font-family ), Sans-serif; font-weight: var( --e-global-typography-text-font-weight );\">I risultati importanti, oggi, si ottengono sia con un nuovo approccio mentale a questa disciplina che sfruttando concetti di pura derivazione agonistica, senza perdere di vista la tradizione.&nbsp;<\/span><\/p>\t\t\t\t\t\t\t\t<\/div>\n\t\t\t\t<\/div>\n\t\t\t\t\t<\/div>\n\t\t<\/div>\n\t\t\t\t\t<\/div>\n\t\t<\/section>\n\t\t\t\t<\/div>\n\t\t","protected":false},"excerpt":{"rendered":"<p>Il bolentino vanta una storia che radica le sue origini in un passato quasi remoto; eppure, malgrado ci\u00f2, rimane una pesca quanto mai attuale.Anzi, con i tempi che corrono e la necessit\u00e0 di contenere i costi di una pescata, quest\u2019arte antica potr\u00e0 tornare prepotentemente alla ribalta, con alcune varianti, nuove ed evolute.Bisogna ammettere che oggi, per raggiungere risultati importanti in &hellip;<\/p>\n","protected":false},"author":3,"featured_media":0,"parent":0,"menu_order":0,"comment_status":"closed","ping_status":"closed","template":"","meta":{"footnotes":""},"class_list":["post-7001","page","type-page","status-publish","hentry"],"_links":{"self":[{"href":"https:\/\/www.asdelectrowavefishingteam.it\/index.php\/wp-json\/wp\/v2\/pages\/7001","targetHints":{"allow":["GET"]}}],"collection":[{"href":"https:\/\/www.asdelectrowavefishingteam.it\/index.php\/wp-json\/wp\/v2\/pages"}],"about":[{"href":"https:\/\/www.asdelectrowavefishingteam.it\/index.php\/wp-json\/wp\/v2\/types\/page"}],"author":[{"embeddable":true,"href":"https:\/\/www.asdelectrowavefishingteam.it\/index.php\/wp-json\/wp\/v2\/users\/3"}],"replies":[{"embeddable":true,"href":"https:\/\/www.asdelectrowavefishingteam.it\/index.php\/wp-json\/wp\/v2\/comments?post=7001"}],"version-history":[{"count":14,"href":"https:\/\/www.asdelectrowavefishingteam.it\/index.php\/wp-json\/wp\/v2\/pages\/7001\/revisions"}],"predecessor-version":[{"id":15226,"href":"https:\/\/www.asdelectrowavefishingteam.it\/index.php\/wp-json\/wp\/v2\/pages\/7001\/revisions\/15226"}],"wp:attachment":[{"href":"https:\/\/www.asdelectrowavefishingteam.it\/index.php\/wp-json\/wp\/v2\/media?parent=7001"}],"curies":[{"name":"wp","href":"https:\/\/api.w.org\/{rel}","templated":true}]}}