{"id":6999,"date":"2022-04-28T07:47:24","date_gmt":"2022-04-28T07:47:24","guid":{"rendered":"https:\/\/www.asdelectrowavefishingteam.it\/?page_id=6999"},"modified":"2022-04-28T07:51:08","modified_gmt":"2022-04-28T07:51:08","slug":"bolentino-costiero-meglio-pescare-ancorati-o-in-deriva","status":"publish","type":"page","link":"https:\/\/www.asdelectrowavefishingteam.it\/index.php\/bolentino-costiero-meglio-pescare-ancorati-o-in-deriva\/","title":{"rendered":"Bolentino costiero : meglio pescare ancorati\u00a0 o \u00a0in deriva?"},"content":{"rendered":"\t\t<div data-elementor-type=\"wp-page\" data-elementor-id=\"6999\" class=\"elementor elementor-6999\">\n\t\t\t\t\t\t<section class=\"elementor-section elementor-top-section elementor-element elementor-element-eb15748 elementor-section-boxed elementor-section-height-default elementor-section-height-default\" data-id=\"eb15748\" data-element_type=\"section\">\n\t\t\t\t\t\t<div class=\"elementor-container elementor-column-gap-default\">\n\t\t\t\t\t<div class=\"elementor-column elementor-col-100 elementor-top-column elementor-element elementor-element-f5310ee\" data-id=\"f5310ee\" data-element_type=\"column\">\n\t\t\t<div class=\"elementor-widget-wrap elementor-element-populated\">\n\t\t\t\t\t\t<div class=\"elementor-element elementor-element-54bd248 elementor-widget elementor-widget-image\" data-id=\"54bd248\" data-element_type=\"widget\" data-widget_type=\"image.default\">\n\t\t\t\t<div class=\"elementor-widget-container\">\n\t\t\t\t\t\t\t\t\t\t\t\t\t\t\t<img fetchpriority=\"high\" decoding=\"async\" width=\"768\" height=\"427\" src=\"https:\/\/www.asdelectrowavefishingteam.it\/wp-content\/uploads\/2022\/04\/fermi-o-in-deriva-9-768x427-2.jpg\" class=\"attachment-large size-large wp-image-7003\" alt=\"\" srcset=\"https:\/\/www.asdelectrowavefishingteam.it\/wp-content\/uploads\/2022\/04\/fermi-o-in-deriva-9-768x427-2.jpg 768w, https:\/\/www.asdelectrowavefishingteam.it\/wp-content\/uploads\/2022\/04\/fermi-o-in-deriva-9-768x427-2-300x167.jpg 300w\" sizes=\"(max-width: 768px) 100vw, 768px\" \/>\t\t\t\t\t\t\t\t\t\t\t\t\t\t\t<\/div>\n\t\t\t\t<\/div>\n\t\t\t\t\t<\/div>\n\t\t<\/div>\n\t\t\t\t\t<\/div>\n\t\t<\/section>\n\t\t\t\t<section class=\"elementor-section elementor-top-section elementor-element elementor-element-a4bdb60 elementor-section-boxed elementor-section-height-default elementor-section-height-default\" data-id=\"a4bdb60\" data-element_type=\"section\">\n\t\t\t\t\t\t<div class=\"elementor-container elementor-column-gap-default\">\n\t\t\t\t\t<div class=\"elementor-column elementor-col-100 elementor-top-column elementor-element elementor-element-33fc438\" data-id=\"33fc438\" data-element_type=\"column\">\n\t\t\t<div class=\"elementor-widget-wrap elementor-element-populated\">\n\t\t\t\t\t\t<div class=\"elementor-element elementor-element-e162802 elementor-widget elementor-widget-text-editor\" data-id=\"e162802\" data-element_type=\"widget\" data-widget_type=\"text-editor.default\">\n\t\t\t\t<div class=\"elementor-widget-container\">\n\t\t\t\t\t\t\t\t\t<h2><strong>Bolentino costiero : meglio pescare ancorati\u00a0 o \u00a0in deriva?<\/strong><\/h2><p><strong>\u00a0<\/strong><strong>Di Michele Prezioso<\/strong><\/p><p><strong>\u00a0<\/strong>Due metodi agli antipodi ma assolutamente complementari\u2026 non solo reciproche alternative, ma azioni strategiche e consecutive per affrontare nel miglior modo possibile ogni situazione di pesca.<br \/><span style=\"color: var( --e-global-color-text ); font-family: var( --e-global-typography-text-font-family ), Sans-serif; font-weight: var( --e-global-typography-text-font-weight );\">La pesca da natante, per quel che riguarda il bolentino sottocosta, pu\u00f2 essere praticata sia ancorati che a scarroccio, ma le due tecniche, come palesemente ovvio, presentano delle caratteristiche opposte. La conoscenza delle distinte peculiarit\u00e0, nonch\u00e9 dalla loro corretta gestione, \u00e8 alla base dei nostri tentativi per ottenere i maggiori risultati, al di l\u00e0 delle mode e, spesso, dei luoghi comuni. Analizzandole singolarmente infatti, non \u00e8 possibile stabilire quale sia la soluzione pi\u00f9 efficace in senso assoluto, perch\u00e9 spesso i pregi ed i limiti di entrambe sono complementari e integrativi tra di loro; non a caso le maggiori performance alieutiche si ottengono alternando \u00a0i due metodi relativamente alle condizioni oggettive del momento e del contesto in cui si opera. Pescare sempre in deriva per maggiore praticit\u00e0, o fossilizzarsi con presunzione fermandosi su una posta senza tentare altro rimanendo insensibili ai segnali del mare e delle correnti, significa a priori rischiare di invalidare l\u2019uscita o ridimensionare le aspettative.<br \/><a href=\"https:\/\/www.globalfishing.it\/961-2\/\">Leggi Altro<\/a><\/span><\/p>\t\t\t\t\t\t\t\t<\/div>\n\t\t\t\t<\/div>\n\t\t\t\t\t<\/div>\n\t\t<\/div>\n\t\t\t\t\t<\/div>\n\t\t<\/section>\n\t\t\t\t<\/div>\n\t\t","protected":false},"excerpt":{"rendered":"<p>Bolentino costiero : meglio pescare ancorati\u00a0 o \u00a0in deriva? \u00a0Di Michele Prezioso \u00a0Due metodi agli antipodi ma assolutamente complementari\u2026 non solo reciproche alternative, ma azioni strategiche e consecutive per affrontare nel miglior modo possibile ogni situazione di pesca.La pesca da natante, per quel che riguarda il bolentino sottocosta, pu\u00f2 essere praticata sia ancorati che a scarroccio, ma le due tecniche, &hellip;<\/p>\n","protected":false},"author":3,"featured_media":0,"parent":0,"menu_order":0,"comment_status":"closed","ping_status":"closed","template":"","meta":{"footnotes":""},"class_list":["post-6999","page","type-page","status-publish","hentry"],"_links":{"self":[{"href":"https:\/\/www.asdelectrowavefishingteam.it\/index.php\/wp-json\/wp\/v2\/pages\/6999","targetHints":{"allow":["GET"]}}],"collection":[{"href":"https:\/\/www.asdelectrowavefishingteam.it\/index.php\/wp-json\/wp\/v2\/pages"}],"about":[{"href":"https:\/\/www.asdelectrowavefishingteam.it\/index.php\/wp-json\/wp\/v2\/types\/page"}],"author":[{"embeddable":true,"href":"https:\/\/www.asdelectrowavefishingteam.it\/index.php\/wp-json\/wp\/v2\/users\/3"}],"replies":[{"embeddable":true,"href":"https:\/\/www.asdelectrowavefishingteam.it\/index.php\/wp-json\/wp\/v2\/comments?post=6999"}],"version-history":[{"count":4,"href":"https:\/\/www.asdelectrowavefishingteam.it\/index.php\/wp-json\/wp\/v2\/pages\/6999\/revisions"}],"predecessor-version":[{"id":7006,"href":"https:\/\/www.asdelectrowavefishingteam.it\/index.php\/wp-json\/wp\/v2\/pages\/6999\/revisions\/7006"}],"wp:attachment":[{"href":"https:\/\/www.asdelectrowavefishingteam.it\/index.php\/wp-json\/wp\/v2\/media?parent=6999"}],"curies":[{"name":"wp","href":"https:\/\/api.w.org\/{rel}","templated":true}]}}