{"id":6955,"date":"2022-04-27T17:00:33","date_gmt":"2022-04-27T17:00:33","guid":{"rendered":"https:\/\/www.asdelectrowavefishingteam.it\/?page_id=6955"},"modified":"2024-07-10T10:17:04","modified_gmt":"2024-07-10T10:17:04","slug":"dieci-punti-per-laltura","status":"publish","type":"page","link":"https:\/\/www.asdelectrowavefishingteam.it\/index.php\/dieci-punti-per-laltura\/","title":{"rendered":"Dieci Punti per l&#8217;Altura"},"content":{"rendered":"\t\t<div data-elementor-type=\"wp-page\" data-elementor-id=\"6955\" class=\"elementor elementor-6955\">\n\t\t\t\t\t\t<section class=\"elementor-section elementor-top-section elementor-element elementor-element-6554ca6 elementor-section-boxed elementor-section-height-default elementor-section-height-default\" data-id=\"6554ca6\" data-element_type=\"section\">\n\t\t\t\t\t\t<div class=\"elementor-container elementor-column-gap-default\">\n\t\t\t\t\t<div class=\"elementor-column elementor-col-100 elementor-top-column elementor-element elementor-element-d75a560\" data-id=\"d75a560\" data-element_type=\"column\">\n\t\t\t<div class=\"elementor-widget-wrap elementor-element-populated\">\n\t\t\t\t\t\t<div class=\"elementor-element elementor-element-97c932e elementor-widget elementor-widget-image\" data-id=\"97c932e\" data-element_type=\"widget\" data-widget_type=\"image.default\">\n\t\t\t\t<div class=\"elementor-widget-container\">\n\t\t\t\t\t\t\t\t\t\t\t\t\t\t\t<img fetchpriority=\"high\" decoding=\"async\" width=\"1024\" height=\"472\" src=\"https:\/\/www.asdelectrowavefishingteam.it\/wp-content\/uploads\/2024\/07\/Progetto-senza-titolo-2024-04-18T134027.922-1024x472.png\" class=\"attachment-large size-large wp-image-14598\" alt=\"\" srcset=\"https:\/\/www.asdelectrowavefishingteam.it\/wp-content\/uploads\/2024\/07\/Progetto-senza-titolo-2024-04-18T134027.922-1024x472.png 1024w, https:\/\/www.asdelectrowavefishingteam.it\/wp-content\/uploads\/2024\/07\/Progetto-senza-titolo-2024-04-18T134027.922-300x138.png 300w, https:\/\/www.asdelectrowavefishingteam.it\/wp-content\/uploads\/2024\/07\/Progetto-senza-titolo-2024-04-18T134027.922-768x354.png 768w, https:\/\/www.asdelectrowavefishingteam.it\/wp-content\/uploads\/2024\/07\/Progetto-senza-titolo-2024-04-18T134027.922-1536x708.png 1536w, https:\/\/www.asdelectrowavefishingteam.it\/wp-content\/uploads\/2024\/07\/Progetto-senza-titolo-2024-04-18T134027.922-2048x944.png 2048w\" sizes=\"(max-width: 1024px) 100vw, 1024px\" \/>\t\t\t\t\t\t\t\t\t\t\t\t\t\t\t<\/div>\n\t\t\t\t<\/div>\n\t\t\t\t\t<\/div>\n\t\t<\/div>\n\t\t\t\t\t<\/div>\n\t\t<\/section>\n\t\t\t\t<section class=\"elementor-section elementor-top-section elementor-element elementor-element-5818a5a elementor-section-boxed elementor-section-height-default elementor-section-height-default\" data-id=\"5818a5a\" data-element_type=\"section\">\n\t\t\t\t\t\t<div class=\"elementor-container elementor-column-gap-default\">\n\t\t\t\t\t<div class=\"elementor-column elementor-col-100 elementor-top-column elementor-element elementor-element-fb14a78\" data-id=\"fb14a78\" data-element_type=\"column\">\n\t\t\t<div class=\"elementor-widget-wrap elementor-element-populated\">\n\t\t\t\t\t\t<div class=\"elementor-element elementor-element-de8c809 elementor-widget elementor-widget-text-editor\" data-id=\"de8c809\" data-element_type=\"widget\" data-widget_type=\"text-editor.default\">\n\t\t\t\t<div class=\"elementor-widget-container\">\n\t\t\t\t\t\t\t\t\t<p><span style=\"color: var( --e-global-color-text ); font-family: var( --e-global-typography-text-font-family ), Sans-serif; font-weight: var( --e-global-typography-text-font-weight );\">la traina d\u2019altura, \u00e8 la tecnica off shore dedicata alla ricerca e alla cattura dei predatori pelagici.<\/span><\/p>\n<p><span style=\"color: var( --e-global-color-text ); font-family: var( --e-global-typography-text-font-family ), Sans-serif; font-weight: var( --e-global-typography-text-font-weight );\">E\u2019 una traina veloce di superficie che si pratica su profondit\u00e0 elevate e, salvo rare eccezioni, alcune miglia lontano dalla costa.<br><\/span><span style=\"color: var( --e-global-color-text ); font-family: var( --e-global-typography-text-font-family ), Sans-serif; font-weight: var( --e-global-typography-text-font-weight );\">Ed \u00e8 una tecnica che in questo momento sta riscuotendo un nuovo successo e molti appassionati si accingono a vivere le emozioni della navigazione in alto mare.<br><\/span><\/p>\n<p>di solito si usano canne da 12-20 lb ma con le 30, soprattutto le prime volte,&nbsp; si \u00e8 al sicuro da eventuali sorprese se si dovessero incontrare pesci pi\u00f9 combattivi.<\/p>\n<p>Per quanto riguarda le esche, ci attesteremo su minnow da 14 cm, con grande paletta per un maggiore affondamento, sui kona, i kona jet&nbsp; e le testine piumate, anche questi di misura intorno ai 14 \u2013 15 cm.<\/p>\n<p>La batteria di canne in pesca, soprattutto se si \u00e8 alle prime armi, non superer\u00e0 il numero di 4, perch\u00e9 maggiore sar\u00e0 il numero delle lenze in acqua maggiori saranno le difficolt\u00e0 nel condurre l\u2019imbarcazione senza correre il rischio di pericolosi garbugli.<\/p>\n<p>Lo schema classico \u00e8 rappresentato da due teste piumate o due octopus o due kona, sui portacanna pi\u00f9 laterali o sui divergenti, filate a 40\/50 metri da poppa e da due minnow pi\u00f9 interni filati a 15\/20 metri.<\/p>\n<p>Se si ha la possibilit\u00e0 di mettere in pesca la quinta lenza, si pu\u00f2 calare un minnow da 18 centimetri a pochi metri da poppa nella scia dei motori, perch\u00e9 soprattutto i tonni sono attirati dalle esche nella schiuma.<\/p>\n<p>Le colorazioni potranno essere molteplici, testa rossa, perlato e arancio e naturali per i minnow. Giallo e verde, arancio, nero, bianco e giallo, blu e nero e, comunque, in cromie sgargianti per octopus e piume.<\/p>\n<p>La velocit\u00e0 di traina non sar\u00e0 mai inferiore ai 6 nodi, fino ad un massimo di 8 e, in alcuni casi, si pu\u00f2 arrivare anche a 10. Il calamento standard si compone di una doppiatura degli ultimi due metri della lenza in bobina a cui applicheremo una girella con moschettone per connettere il terminale a cui, a sua volta, \u00e8 legato l\u2019artificiale.<\/p>\n<p>Il diametro di quest\u2019ultimo potr\u00e0 variare dallo 0,60 allo 0,90 e la lunghezza non sar\u00e0 superiore a 1,5-2 metri. La lenza madre consigliata, soprattutto per chi \u00e8 alle prime armi, \u00e8 del buon nylon da 30 lb, pari circa ad un diametro di 0.60 mm<\/p>\n<p>L\u2019alalunga \u00e8 un pesce che frequenta acque con profondit\u00e0 molto elevate, dai 1000 metri e pi\u00f9, ed \u00e8 possibile intercettarlo seguendo le linee delle batimetriche dove ci sono salti di fondale e poich\u00e9 si muove e caccia in fitti branchi, se si \u00e8 effettuata una cattura si pu\u00f2 star certi che, insistendo negli stessi punti, non sar\u00e0 sporadica.<\/p>\t\t\t\t\t\t\t\t<\/div>\n\t\t\t\t<\/div>\n\t\t\t\t\t<\/div>\n\t\t<\/div>\n\t\t\t\t\t<\/div>\n\t\t<\/section>\n\t\t\t\t<\/div>\n\t\t","protected":false},"excerpt":{"rendered":"<p>la traina d\u2019altura, \u00e8 la tecnica off shore dedicata alla ricerca e alla cattura dei predatori pelagici. E\u2019 una traina veloce di superficie che si pratica su profondit\u00e0 elevate e, salvo rare eccezioni, alcune miglia lontano dalla costa.Ed \u00e8 una tecnica che in questo momento sta riscuotendo un nuovo successo e molti appassionati si accingono a vivere le emozioni della &hellip;<\/p>\n","protected":false},"author":3,"featured_media":0,"parent":0,"menu_order":0,"comment_status":"closed","ping_status":"closed","template":"","meta":{"footnotes":""},"class_list":["post-6955","page","type-page","status-publish","hentry"],"_links":{"self":[{"href":"https:\/\/www.asdelectrowavefishingteam.it\/index.php\/wp-json\/wp\/v2\/pages\/6955","targetHints":{"allow":["GET"]}}],"collection":[{"href":"https:\/\/www.asdelectrowavefishingteam.it\/index.php\/wp-json\/wp\/v2\/pages"}],"about":[{"href":"https:\/\/www.asdelectrowavefishingteam.it\/index.php\/wp-json\/wp\/v2\/types\/page"}],"author":[{"embeddable":true,"href":"https:\/\/www.asdelectrowavefishingteam.it\/index.php\/wp-json\/wp\/v2\/users\/3"}],"replies":[{"embeddable":true,"href":"https:\/\/www.asdelectrowavefishingteam.it\/index.php\/wp-json\/wp\/v2\/comments?post=6955"}],"version-history":[{"count":16,"href":"https:\/\/www.asdelectrowavefishingteam.it\/index.php\/wp-json\/wp\/v2\/pages\/6955\/revisions"}],"predecessor-version":[{"id":14604,"href":"https:\/\/www.asdelectrowavefishingteam.it\/index.php\/wp-json\/wp\/v2\/pages\/6955\/revisions\/14604"}],"wp:attachment":[{"href":"https:\/\/www.asdelectrowavefishingteam.it\/index.php\/wp-json\/wp\/v2\/media?parent=6955"}],"curies":[{"name":"wp","href":"https:\/\/api.w.org\/{rel}","templated":true}]}}