{"id":6933,"date":"2022-04-27T16:40:52","date_gmt":"2022-04-27T16:40:52","guid":{"rendered":"https:\/\/www.asdelectrowavefishingteam.it\/?page_id=6933"},"modified":"2024-07-10T10:07:09","modified_gmt":"2024-07-10T10:07:09","slug":"drifting-ritorno-alle-armi-prepariamo-lattrezzatura","status":"publish","type":"page","link":"https:\/\/www.asdelectrowavefishingteam.it\/index.php\/drifting-ritorno-alle-armi-prepariamo-lattrezzatura\/","title":{"rendered":"Drifting: ritorno alle armi \u2026 prepariamo l\u2019attrezzatura!"},"content":{"rendered":"\t\t<div data-elementor-type=\"wp-page\" data-elementor-id=\"6933\" class=\"elementor elementor-6933\">\n\t\t\t\t\t\t<section class=\"elementor-section elementor-top-section elementor-element elementor-element-c191b5e elementor-section-boxed elementor-section-height-default elementor-section-height-default\" data-id=\"c191b5e\" data-element_type=\"section\">\n\t\t\t\t\t\t<div class=\"elementor-container elementor-column-gap-default\">\n\t\t\t\t\t<div class=\"elementor-column elementor-col-100 elementor-top-column elementor-element elementor-element-168593a\" data-id=\"168593a\" data-element_type=\"column\">\n\t\t\t<div class=\"elementor-widget-wrap elementor-element-populated\">\n\t\t\t\t\t\t<div class=\"elementor-element elementor-element-ffb0f66 elementor-widget elementor-widget-image\" data-id=\"ffb0f66\" data-element_type=\"widget\" data-widget_type=\"image.default\">\n\t\t\t\t<div class=\"elementor-widget-container\">\n\t\t\t\t\t\t\t\t\t\t\t\t\t\t\t<img fetchpriority=\"high\" decoding=\"async\" width=\"779\" height=\"540\" src=\"https:\/\/www.asdelectrowavefishingteam.it\/wp-content\/uploads\/2024\/07\/poma-1.jpg\" class=\"attachment-large size-large wp-image-14593\" alt=\"\" srcset=\"https:\/\/www.asdelectrowavefishingteam.it\/wp-content\/uploads\/2024\/07\/poma-1.jpg 779w, https:\/\/www.asdelectrowavefishingteam.it\/wp-content\/uploads\/2024\/07\/poma-1-300x208.jpg 300w, https:\/\/www.asdelectrowavefishingteam.it\/wp-content\/uploads\/2024\/07\/poma-1-768x532.jpg 768w\" sizes=\"(max-width: 779px) 100vw, 779px\" \/>\t\t\t\t\t\t\t\t\t\t\t\t\t\t\t<\/div>\n\t\t\t\t<\/div>\n\t\t\t\t\t<\/div>\n\t\t<\/div>\n\t\t\t\t\t<\/div>\n\t\t<\/section>\n\t\t\t\t<section class=\"elementor-section elementor-top-section elementor-element elementor-element-9d3b42d elementor-section-boxed elementor-section-height-default elementor-section-height-default\" data-id=\"9d3b42d\" data-element_type=\"section\">\n\t\t\t\t\t\t<div class=\"elementor-container elementor-column-gap-default\">\n\t\t\t\t\t<div class=\"elementor-column elementor-col-100 elementor-top-column elementor-element elementor-element-d4fd58f\" data-id=\"d4fd58f\" data-element_type=\"column\">\n\t\t\t<div class=\"elementor-widget-wrap elementor-element-populated\">\n\t\t\t\t\t\t<div class=\"elementor-element elementor-element-c3709e1 elementor-widget elementor-widget-text-editor\" data-id=\"c3709e1\" data-element_type=\"widget\" data-widget_type=\"text-editor.default\">\n\t\t\t\t<div class=\"elementor-widget-container\">\n\t\t\t\t\t\t\t\t\t<p><span style=\"color: var( --e-global-color-text ); font-family: var( --e-global-typography-text-font-family ), Sans-serif; font-weight: var( --e-global-typography-text-font-weight );\">La stagione del tonno \u00e8 alle porte e per molti \u00e8 tempo di cominciare a rispolverare le attrezzature e procedere con una revisione mirata.<\/span><\/p><p><span style=\"color: var( --e-global-color-text ); font-family: var( --e-global-typography-text-font-family ), Sans-serif; font-weight: var( --e-global-typography-text-font-weight );\">Ma quali sono le cose da fare ed i punti da esaminare per avere un\u2019attrezzatura, accessori compresi, sempre al top?<br \/><\/span><span style=\"color: var( --e-global-color-text ); font-family: var( --e-global-typography-text-font-family ), Sans-serif; font-weight: var( --e-global-typography-text-font-weight );\">Quali sono i punti nevralgici, gli elementi chiave da tenere sempre sotto controllo? Vediamo insieme le cose importanti.\u00a0<\/span><\/p><p>il drifting al tonno \u00e8 la massima espressione del BIG GAME, il grande gioco.<\/p><p>Una canna troppo potente \u00e8 assolutamente controproducente quando le prede sono di taglia moderata, perch\u00e9 se la canna non flette il lavoro del pescatore diventa molto pi\u00f9 gravoso;<span style=\"color: var( --e-global-color-text ); font-family: var( --e-global-typography-text-font-family ), Sans-serif; font-weight: var( --e-global-typography-text-font-weight );\">Una attrezzatura completa, per equipaggiare una barca e pescare in modo tradizionale \u00e8 costituita da almeno tre canne; per poter posizionare le esche a distanza e profondit\u00e0 diverse tra loro in modo che rimangano sempre nella scia di pastura e intercettare i pesci che la risalgono;Bobina capiente, cicalino sonoro, frizione affidabile, ergonomicit\u00e0 della manovella oltre che la qualit\u00e0 dei materiali, sono le caratteristiche che riteniamo determinanti nella scelta;Un buon nylon, soprattutto se con basso indice di rifrazione, morbido e tenace, \u00e8 una ottima scelta per realizzare terminali che non penalizzino la credibilit\u00e0 delle esche in acqua;<\/span><span style=\"color: var( --e-global-color-text ); font-family: var( --e-global-typography-text-font-family ), Sans-serif; font-weight: var( --e-global-typography-text-font-weight );\">I circle, oggi, \u00a0sono una scelta quasi obbligata; la caratteristica di essere autoferrante e di infiggersi sempre al lato della bocca in modo quasi millimetrico ne fanno un amo straordinario. A patto per\u00f2 che sia lasciato libero di oscillare e di ruotare su se stesso durante lo strike e non bloccato da un nodo diretto.<\/span><\/p>\t\t\t\t\t\t\t\t<\/div>\n\t\t\t\t<\/div>\n\t\t\t\t\t<\/div>\n\t\t<\/div>\n\t\t\t\t\t<\/div>\n\t\t<\/section>\n\t\t\t\t<\/div>\n\t\t","protected":false},"excerpt":{"rendered":"<p>La stagione del tonno \u00e8 alle porte e per molti \u00e8 tempo di cominciare a rispolverare le attrezzature e procedere con una revisione mirata. Ma quali sono le cose da fare ed i punti da esaminare per avere un\u2019attrezzatura, accessori compresi, sempre al top?Quali sono i punti nevralgici, gli elementi chiave da tenere sempre sotto controllo? Vediamo insieme le cose &hellip;<\/p>\n","protected":false},"author":3,"featured_media":0,"parent":0,"menu_order":0,"comment_status":"closed","ping_status":"closed","template":"","meta":{"footnotes":""},"class_list":["post-6933","page","type-page","status-publish","hentry"],"_links":{"self":[{"href":"https:\/\/www.asdelectrowavefishingteam.it\/index.php\/wp-json\/wp\/v2\/pages\/6933","targetHints":{"allow":["GET"]}}],"collection":[{"href":"https:\/\/www.asdelectrowavefishingteam.it\/index.php\/wp-json\/wp\/v2\/pages"}],"about":[{"href":"https:\/\/www.asdelectrowavefishingteam.it\/index.php\/wp-json\/wp\/v2\/types\/page"}],"author":[{"embeddable":true,"href":"https:\/\/www.asdelectrowavefishingteam.it\/index.php\/wp-json\/wp\/v2\/users\/3"}],"replies":[{"embeddable":true,"href":"https:\/\/www.asdelectrowavefishingteam.it\/index.php\/wp-json\/wp\/v2\/comments?post=6933"}],"version-history":[{"count":16,"href":"https:\/\/www.asdelectrowavefishingteam.it\/index.php\/wp-json\/wp\/v2\/pages\/6933\/revisions"}],"predecessor-version":[{"id":14596,"href":"https:\/\/www.asdelectrowavefishingteam.it\/index.php\/wp-json\/wp\/v2\/pages\/6933\/revisions\/14596"}],"wp:attachment":[{"href":"https:\/\/www.asdelectrowavefishingteam.it\/index.php\/wp-json\/wp\/v2\/media?parent=6933"}],"curies":[{"name":"wp","href":"https:\/\/api.w.org\/{rel}","templated":true}]}}