{"id":12545,"date":"2023-09-20T16:43:24","date_gmt":"2023-09-20T16:43:24","guid":{"rendered":"https:\/\/www.asdelectrowavefishingteam.it\/?page_id=12545"},"modified":"2023-10-02T10:23:03","modified_gmt":"2023-10-02T10:23:03","slug":"nel-mare-tutto-si-puo-fare-1-edizione","status":"publish","type":"page","link":"https:\/\/www.asdelectrowavefishingteam.it\/index.php\/nel-mare-tutto-si-puo-fare-1-edizione\/","title":{"rendered":"Nel mare tutto si pu\u00f2 fare &#8211; 1\u00b0 edizione"},"content":{"rendered":"\t\t<div data-elementor-type=\"wp-page\" data-elementor-id=\"12545\" class=\"elementor elementor-12545\">\n\t\t\t\t\t\t<section class=\"elementor-section elementor-top-section elementor-element elementor-element-e5caa28 elementor-section-boxed elementor-section-height-default elementor-section-height-default\" data-id=\"e5caa28\" data-element_type=\"section\">\n\t\t\t\t\t\t<div class=\"elementor-container elementor-column-gap-default\">\n\t\t\t\t\t<div class=\"elementor-column elementor-col-100 elementor-top-column elementor-element elementor-element-c79c150\" data-id=\"c79c150\" data-element_type=\"column\">\n\t\t\t<div class=\"elementor-widget-wrap elementor-element-populated\">\n\t\t\t\t\t\t<div class=\"elementor-element elementor-element-e202fe1 elementor-widget elementor-widget-image\" data-id=\"e202fe1\" data-element_type=\"widget\" data-widget_type=\"image.default\">\n\t\t\t\t<div class=\"elementor-widget-container\">\n\t\t\t\t\t\t\t\t\t\t\t\t\t\t\t<img fetchpriority=\"high\" decoding=\"async\" width=\"768\" height=\"268\" src=\"https:\/\/www.asdelectrowavefishingteam.it\/wp-content\/uploads\/2023\/09\/logo-manif-768x268.jpg\" class=\"attachment-medium_large size-medium_large wp-image-12550\" alt=\"\" srcset=\"https:\/\/www.asdelectrowavefishingteam.it\/wp-content\/uploads\/2023\/09\/logo-manif-768x268.jpg 768w, https:\/\/www.asdelectrowavefishingteam.it\/wp-content\/uploads\/2023\/09\/logo-manif-300x105.jpg 300w, https:\/\/www.asdelectrowavefishingteam.it\/wp-content\/uploads\/2023\/09\/logo-manif-1024x357.jpg 1024w, https:\/\/www.asdelectrowavefishingteam.it\/wp-content\/uploads\/2023\/09\/logo-manif.jpg 1257w\" sizes=\"(max-width: 768px) 100vw, 768px\" \/>\t\t\t\t\t\t\t\t\t\t\t\t\t\t\t<\/div>\n\t\t\t\t<\/div>\n\t\t\t\t\t<\/div>\n\t\t<\/div>\n\t\t\t\t\t<\/div>\n\t\t<\/section>\n\t\t\t\t<section class=\"elementor-section elementor-top-section elementor-element elementor-element-0d25446 elementor-section-boxed elementor-section-height-default elementor-section-height-default\" data-id=\"0d25446\" data-element_type=\"section\">\n\t\t\t\t\t\t<div class=\"elementor-container elementor-column-gap-default\">\n\t\t\t\t\t<div class=\"elementor-column elementor-col-50 elementor-top-column elementor-element elementor-element-f632572\" data-id=\"f632572\" data-element_type=\"column\">\n\t\t\t<div class=\"elementor-widget-wrap elementor-element-populated\">\n\t\t\t\t\t\t<div class=\"elementor-element elementor-element-8f6468b elementor-widget elementor-widget-image\" data-id=\"8f6468b\" data-element_type=\"widget\" data-widget_type=\"image.default\">\n\t\t\t\t<div class=\"elementor-widget-container\">\n\t\t\t\t\t\t\t\t\t\t\t\t\t\t\t<img decoding=\"async\" width=\"1024\" height=\"658\" src=\"https:\/\/www.asdelectrowavefishingteam.it\/wp-content\/uploads\/2023\/09\/380011095_703448271827543_7305028396555756972_n-1024x658.jpg\" class=\"attachment-large size-large wp-image-12524\" alt=\"\" srcset=\"https:\/\/www.asdelectrowavefishingteam.it\/wp-content\/uploads\/2023\/09\/380011095_703448271827543_7305028396555756972_n-1024x658.jpg 1024w, https:\/\/www.asdelectrowavefishingteam.it\/wp-content\/uploads\/2023\/09\/380011095_703448271827543_7305028396555756972_n-300x193.jpg 300w, https:\/\/www.asdelectrowavefishingteam.it\/wp-content\/uploads\/2023\/09\/380011095_703448271827543_7305028396555756972_n-768x493.jpg 768w, https:\/\/www.asdelectrowavefishingteam.it\/wp-content\/uploads\/2023\/09\/380011095_703448271827543_7305028396555756972_n-1536x986.jpg 1536w, https:\/\/www.asdelectrowavefishingteam.it\/wp-content\/uploads\/2023\/09\/380011095_703448271827543_7305028396555756972_n.jpg 2048w\" sizes=\"(max-width: 1024px) 100vw, 1024px\" \/>\t\t\t\t\t\t\t\t\t\t\t\t\t\t\t<\/div>\n\t\t\t\t<\/div>\n\t\t\t\t<div class=\"elementor-element elementor-element-29ebe9d elementor-widget elementor-widget-image\" data-id=\"29ebe9d\" data-element_type=\"widget\" data-widget_type=\"image.default\">\n\t\t\t\t<div class=\"elementor-widget-container\">\n\t\t\t\t\t\t\t\t\t\t\t\t\t\t\t<img decoding=\"async\" width=\"1024\" height=\"768\" src=\"https:\/\/www.asdelectrowavefishingteam.it\/wp-content\/uploads\/2023\/09\/Immagine-WhatsApp-2023-09-16-ore-16.41.09.jpg\" class=\"attachment-large size-large wp-image-12529\" alt=\"\" srcset=\"https:\/\/www.asdelectrowavefishingteam.it\/wp-content\/uploads\/2023\/09\/Immagine-WhatsApp-2023-09-16-ore-16.41.09.jpg 1024w, https:\/\/www.asdelectrowavefishingteam.it\/wp-content\/uploads\/2023\/09\/Immagine-WhatsApp-2023-09-16-ore-16.41.09-300x225.jpg 300w, https:\/\/www.asdelectrowavefishingteam.it\/wp-content\/uploads\/2023\/09\/Immagine-WhatsApp-2023-09-16-ore-16.41.09-768x576.jpg 768w\" sizes=\"(max-width: 1024px) 100vw, 1024px\" \/>\t\t\t\t\t\t\t\t\t\t\t\t\t\t\t<\/div>\n\t\t\t\t<\/div>\n\t\t\t\t\t<\/div>\n\t\t<\/div>\n\t\t\t\t<div class=\"elementor-column elementor-col-50 elementor-top-column elementor-element elementor-element-c73b9f5\" data-id=\"c73b9f5\" data-element_type=\"column\">\n\t\t\t<div class=\"elementor-widget-wrap elementor-element-populated\">\n\t\t\t\t\t\t<div class=\"elementor-element elementor-element-81638b8 elementor-widget elementor-widget-text-editor\" data-id=\"81638b8\" data-element_type=\"widget\" data-widget_type=\"text-editor.default\">\n\t\t\t\t<div class=\"elementor-widget-container\">\n\t\t\t\t\t\t\t\t\t<h4><strong>L\u2019ASD ElectroWave Fishing Reel Time Project, ha trovato il modo di far vivere il mare e il mondo della pesca anche a persone meno fortunate, ipovedenti e non vedenti. Per loro, per tutti\u2026 un\u2019esperienza unica.<br \/><\/strong>Ci sono tanti modi di vivere il mare. Per chi ha il dono della vista l\u2019immaginazione \u00e8 superflua, basta aprire gli occhi e le proprie menti gustandosi ci\u00f2 che il mondo ci regala. Nel mondo della pesca uguale. I vedenti notano le mangianze a distanza, si portano sul luogo dell\u2019avvistamento, si avvalgono degli strumenti elettronici di bordo, ammirano e si emozionano nel vedere i vettini delle canne cominciare a fremere, a piegarsi per effetto del \u201cpesce in canna\u201d, hanno modo di apprezzare i colori delle prede catturate. Avete mai pensato invece che per alcune categorie, come ad esempio i non vedenti o gli ipovedenti, tutto ci\u00f2 che per noi \u00e8 naturale, per loro spesso \u00e8 solo immaginazione o ricordo? Avete mai provato a chiudere gli occhi e cercare di immaginare cosa accade intorno a voi? Certo, per chi \u00e8 vedente \u00e8 pi\u00f9 facile immaginare, perch\u00e9 avendo il dono della vista pur chiudendo per un po\u2019 gli occhi la mente \u201cricorda\u201d in quel momento di \u201cbuio temporaneo\u201d ci\u00f2 che gli occhi hanno gi\u00e0 visto. Pi\u00f9 o meno la stessa cosa potrebbe accadere per una persona che abbia avuto la sfortuna di perdere la vista nel tempo e che pertanto porta con se dei ricordi. Ma sicuramente per un non vedente o ipovedente dalla nascita, tutto \u00e8 pi\u00f9 complicato. Non ha punti di riferimento, se li deve trovare forzatamente! Ebbene, questo preambolo nasce da un\u2019iniziativa che si \u00e8 svolta proprio in questi giorni a Ostia, organizzata come sempre dalla\u00a0<span style=\"color: #999999; font-family: Asap Condensed, Helvetica, Arial, Verdana, sans-serif;\"><span style=\"font-size: 17px;\"><br \/><\/span><\/span><strong><a href=\"https:\/\/www.fishingboatmagazine.it\/nel-mare-tutto-si-puo-fare-1-edizione-l-pau\/\">Continua<\/a> <\/strong>&#8230;&#8230;..<\/h4><p>Fonte : <span style=\"text-decoration: underline;\"><strong><a href=\"https:\/\/www.fishingboatmagazine.it\/\">Fishing Boat Magazine<\/a><\/strong><\/span> (Luciano Pau)<\/p>\t\t\t\t\t\t\t\t<\/div>\n\t\t\t\t<\/div>\n\t\t\t\t\t<\/div>\n\t\t<\/div>\n\t\t\t\t\t<\/div>\n\t\t<\/section>\n\t\t\t\t<section class=\"elementor-section elementor-top-section elementor-element elementor-element-2bc373a elementor-section-boxed elementor-section-height-default elementor-section-height-default\" data-id=\"2bc373a\" data-element_type=\"section\">\n\t\t\t\t\t\t<div class=\"elementor-container elementor-column-gap-default\">\n\t\t\t\t\t<div class=\"elementor-column elementor-col-50 elementor-top-column elementor-element elementor-element-db6217b\" data-id=\"db6217b\" data-element_type=\"column\">\n\t\t\t<div class=\"elementor-widget-wrap elementor-element-populated\">\n\t\t\t\t\t\t<div class=\"elementor-element elementor-element-6d8e81b elementor-widget elementor-widget-text-editor\" data-id=\"6d8e81b\" data-element_type=\"widget\" data-widget_type=\"text-editor.default\">\n\t\t\t\t<div class=\"elementor-widget-container\">\n\t\t\t\t\t\t\t\t\t<h3>VIDEO: l&#8217;esperienza della pesca sportiva in alto mare<br \/>il servizio<\/h3><h3>Interviste e commenti ai protagonisti dopo la prima edizione di &#8220;Nel mare tutto si pu\u00f2 fare&#8221; organizzata dalla\u00a0<a class=\"profileLink\" title=\"A.S.D Electrowave Fishing - Reel Time Project\" href=\"https:\/\/www.facebook.com\/a.s.d.electrowave?fref=mentions&amp;ref=embed_video\" target=\"_blank\" rel=\"noopener\">A.S.D Electrowave Fishing &#8211; Reel Time Project<\/a>\u00a0in collaborazione con l&#8217;<a class=\"profileLink\" title=\"UICI - sezione di Roma\" href=\"https:\/\/www.facebook.com\/UnioneItalianaCiechieIpovedentiRoma?fref=mentions&amp;ref=embed_video\" target=\"_blank\" rel=\"noopener\">UICI &#8211; sezione di Roma<\/a><\/h3>\t\t\t\t\t\t\t\t<\/div>\n\t\t\t\t<\/div>\n\t\t\t\t\t<\/div>\n\t\t<\/div>\n\t\t\t\t<div class=\"elementor-column elementor-col-50 elementor-top-column elementor-element elementor-element-489e397\" data-id=\"489e397\" data-element_type=\"column\">\n\t\t\t<div class=\"elementor-widget-wrap elementor-element-populated\">\n\t\t\t\t\t\t<div class=\"elementor-element elementor-element-df78c95 elementor-widget elementor-widget-video\" data-id=\"df78c95\" data-element_type=\"widget\" data-settings=\"{&quot;youtube_url&quot;:&quot;https:\\\/\\\/youtu.be\\\/gQmhk9c8qlU&quot;,&quot;video_type&quot;:&quot;youtube&quot;,&quot;controls&quot;:&quot;yes&quot;}\" data-widget_type=\"video.default\">\n\t\t\t\t<div class=\"elementor-widget-container\">\n\t\t\t\t\t\t\t<div class=\"elementor-wrapper elementor-open-inline\">\n\t\t\t<div class=\"elementor-video\"><\/div>\t\t<\/div>\n\t\t\t\t\t\t<\/div>\n\t\t\t\t<\/div>\n\t\t\t\t\t<\/div>\n\t\t<\/div>\n\t\t\t\t\t<\/div>\n\t\t<\/section>\n\t\t\t\t<section class=\"elementor-section elementor-top-section elementor-element elementor-element-4993c09 elementor-section-content-middle elementor-section-boxed elementor-section-height-default elementor-section-height-default\" data-id=\"4993c09\" data-element_type=\"section\">\n\t\t\t\t\t\t<div class=\"elementor-container elementor-column-gap-default\">\n\t\t\t\t\t<div class=\"elementor-column elementor-col-50 elementor-top-column elementor-element elementor-element-a0ab80a\" data-id=\"a0ab80a\" data-element_type=\"column\">\n\t\t\t<div class=\"elementor-widget-wrap elementor-element-populated\">\n\t\t\t\t\t\t<div class=\"elementor-element elementor-element-36a3043 elementor-widget elementor-widget-image\" data-id=\"36a3043\" data-element_type=\"widget\" data-widget_type=\"image.default\">\n\t\t\t\t<div class=\"elementor-widget-container\">\n\t\t\t\t\t\t\t\t\t\t\t\t\t\t\t<img loading=\"lazy\" decoding=\"async\" width=\"768\" height=\"1024\" src=\"https:\/\/www.asdelectrowavefishingteam.it\/wp-content\/uploads\/2023\/09\/Immagine-WhatsApp-2023-09-20-ore-18.38.40.jpg\" class=\"attachment-large size-large wp-image-12565\" alt=\"\" srcset=\"https:\/\/www.asdelectrowavefishingteam.it\/wp-content\/uploads\/2023\/09\/Immagine-WhatsApp-2023-09-20-ore-18.38.40.jpg 768w, https:\/\/www.asdelectrowavefishingteam.it\/wp-content\/uploads\/2023\/09\/Immagine-WhatsApp-2023-09-20-ore-18.38.40-225x300.jpg 225w\" sizes=\"(max-width: 768px) 100vw, 768px\" \/>\t\t\t\t\t\t\t\t\t\t\t\t\t\t\t<\/div>\n\t\t\t\t<\/div>\n\t\t\t\t\t<\/div>\n\t\t<\/div>\n\t\t\t\t<div class=\"elementor-column elementor-col-50 elementor-top-column elementor-element elementor-element-1bb731e\" data-id=\"1bb731e\" data-element_type=\"column\">\n\t\t\t<div class=\"elementor-widget-wrap elementor-element-populated\">\n\t\t\t\t\t\t<div class=\"elementor-element elementor-element-1c0c2aa elementor-widget elementor-widget-image\" data-id=\"1c0c2aa\" data-element_type=\"widget\" data-widget_type=\"image.default\">\n\t\t\t\t<div class=\"elementor-widget-container\">\n\t\t\t\t\t\t\t\t\t\t\t\t\t\t\t<img loading=\"lazy\" decoding=\"async\" width=\"671\" height=\"1024\" src=\"https:\/\/www.asdelectrowavefishingteam.it\/wp-content\/uploads\/2023\/09\/Immagine-WhatsApp-2023-09-20-ore-18.38.40b.jpg\" class=\"attachment-large size-large wp-image-12567\" alt=\"\" srcset=\"https:\/\/www.asdelectrowavefishingteam.it\/wp-content\/uploads\/2023\/09\/Immagine-WhatsApp-2023-09-20-ore-18.38.40b.jpg 671w, https:\/\/www.asdelectrowavefishingteam.it\/wp-content\/uploads\/2023\/09\/Immagine-WhatsApp-2023-09-20-ore-18.38.40b-197x300.jpg 197w\" sizes=\"(max-width: 671px) 100vw, 671px\" \/>\t\t\t\t\t\t\t\t\t\t\t\t\t\t\t<\/div>\n\t\t\t\t<\/div>\n\t\t\t\t\t<\/div>\n\t\t<\/div>\n\t\t\t\t\t<\/div>\n\t\t<\/section>\n\t\t\t\t<section class=\"elementor-section elementor-top-section elementor-element elementor-element-db33100 elementor-section-content-middle elementor-section-boxed elementor-section-height-default elementor-section-height-default\" data-id=\"db33100\" data-element_type=\"section\">\n\t\t\t\t\t\t<div class=\"elementor-container elementor-column-gap-default\">\n\t\t\t\t\t<div class=\"elementor-column elementor-col-50 elementor-top-column elementor-element elementor-element-9078c14\" data-id=\"9078c14\" data-element_type=\"column\">\n\t\t\t<div class=\"elementor-widget-wrap elementor-element-populated\">\n\t\t\t\t\t\t<div class=\"elementor-element elementor-element-939c18c elementor-widget elementor-widget-image\" data-id=\"939c18c\" data-element_type=\"widget\" data-widget_type=\"image.default\">\n\t\t\t\t<div class=\"elementor-widget-container\">\n\t\t\t\t\t\t\t\t\t\t\t\t\t\t\t<img loading=\"lazy\" decoding=\"async\" width=\"1024\" height=\"768\" src=\"https:\/\/www.asdelectrowavefishingteam.it\/wp-content\/uploads\/2023\/09\/Immagine-WhatsApp-2023-09-16-ore-14.57.06-1024x768.jpg\" class=\"attachment-large size-large wp-image-12528\" alt=\"\" srcset=\"https:\/\/www.asdelectrowavefishingteam.it\/wp-content\/uploads\/2023\/09\/Immagine-WhatsApp-2023-09-16-ore-14.57.06-1024x768.jpg 1024w, https:\/\/www.asdelectrowavefishingteam.it\/wp-content\/uploads\/2023\/09\/Immagine-WhatsApp-2023-09-16-ore-14.57.06-300x225.jpg 300w, https:\/\/www.asdelectrowavefishingteam.it\/wp-content\/uploads\/2023\/09\/Immagine-WhatsApp-2023-09-16-ore-14.57.06-768x576.jpg 768w, https:\/\/www.asdelectrowavefishingteam.it\/wp-content\/uploads\/2023\/09\/Immagine-WhatsApp-2023-09-16-ore-14.57.06-1536x1152.jpg 1536w, https:\/\/www.asdelectrowavefishingteam.it\/wp-content\/uploads\/2023\/09\/Immagine-WhatsApp-2023-09-16-ore-14.57.06.jpg 2048w\" sizes=\"(max-width: 1024px) 100vw, 1024px\" \/>\t\t\t\t\t\t\t\t\t\t\t\t\t\t\t<\/div>\n\t\t\t\t<\/div>\n\t\t\t\t\t<\/div>\n\t\t<\/div>\n\t\t\t\t<div class=\"elementor-column elementor-col-50 elementor-top-column elementor-element elementor-element-efacc4c\" data-id=\"efacc4c\" data-element_type=\"column\">\n\t\t\t<div class=\"elementor-widget-wrap elementor-element-populated\">\n\t\t\t\t\t\t<div class=\"elementor-element elementor-element-308942d elementor-widget elementor-widget-image\" data-id=\"308942d\" data-element_type=\"widget\" data-widget_type=\"image.default\">\n\t\t\t\t<div class=\"elementor-widget-container\">\n\t\t\t\t\t\t\t\t\t\t\t\t\t\t\t<img loading=\"lazy\" decoding=\"async\" width=\"1024\" height=\"576\" src=\"https:\/\/www.asdelectrowavefishingteam.it\/wp-content\/uploads\/2023\/09\/380697690_703448555160848_5047690932206355155_n-1-1024x576.jpg\" class=\"attachment-large size-large wp-image-12560\" alt=\"\" srcset=\"https:\/\/www.asdelectrowavefishingteam.it\/wp-content\/uploads\/2023\/09\/380697690_703448555160848_5047690932206355155_n-1-1024x576.jpg 1024w, https:\/\/www.asdelectrowavefishingteam.it\/wp-content\/uploads\/2023\/09\/380697690_703448555160848_5047690932206355155_n-1-300x169.jpg 300w, https:\/\/www.asdelectrowavefishingteam.it\/wp-content\/uploads\/2023\/09\/380697690_703448555160848_5047690932206355155_n-1-768x432.jpg 768w, https:\/\/www.asdelectrowavefishingteam.it\/wp-content\/uploads\/2023\/09\/380697690_703448555160848_5047690932206355155_n-1-1536x864.jpg 1536w, https:\/\/www.asdelectrowavefishingteam.it\/wp-content\/uploads\/2023\/09\/380697690_703448555160848_5047690932206355155_n-1.jpg 2048w\" sizes=\"(max-width: 1024px) 100vw, 1024px\" \/>\t\t\t\t\t\t\t\t\t\t\t\t\t\t\t<\/div>\n\t\t\t\t<\/div>\n\t\t\t\t\t<\/div>\n\t\t<\/div>\n\t\t\t\t\t<\/div>\n\t\t<\/section>\n\t\t\t\t<section class=\"elementor-section elementor-top-section elementor-element elementor-element-cdfb9a7 elementor-section-content-middle elementor-section-boxed elementor-section-height-default elementor-section-height-default\" data-id=\"cdfb9a7\" data-element_type=\"section\">\n\t\t\t\t\t\t<div class=\"elementor-container elementor-column-gap-default\">\n\t\t\t\t\t<div class=\"elementor-column elementor-col-50 elementor-top-column elementor-element elementor-element-c8b87c3\" data-id=\"c8b87c3\" data-element_type=\"column\">\n\t\t\t<div class=\"elementor-widget-wrap elementor-element-populated\">\n\t\t\t\t\t\t<div class=\"elementor-element elementor-element-4a81b49 elementor-widget elementor-widget-image\" data-id=\"4a81b49\" data-element_type=\"widget\" data-widget_type=\"image.default\">\n\t\t\t\t<div class=\"elementor-widget-container\">\n\t\t\t\t\t\t\t\t\t\t\t\t\t\t\t<img loading=\"lazy\" decoding=\"async\" width=\"1024\" height=\"1024\" src=\"https:\/\/www.asdelectrowavefishingteam.it\/wp-content\/uploads\/2023\/09\/Immagine-WhatsApp-2023-09-16-ore-14.22.48-1-1024x1024.jpg\" class=\"attachment-large size-large wp-image-12562\" alt=\"\" srcset=\"https:\/\/www.asdelectrowavefishingteam.it\/wp-content\/uploads\/2023\/09\/Immagine-WhatsApp-2023-09-16-ore-14.22.48-1-1024x1024.jpg 1024w, https:\/\/www.asdelectrowavefishingteam.it\/wp-content\/uploads\/2023\/09\/Immagine-WhatsApp-2023-09-16-ore-14.22.48-1-300x300.jpg 300w, https:\/\/www.asdelectrowavefishingteam.it\/wp-content\/uploads\/2023\/09\/Immagine-WhatsApp-2023-09-16-ore-14.22.48-1-150x150.jpg 150w, https:\/\/www.asdelectrowavefishingteam.it\/wp-content\/uploads\/2023\/09\/Immagine-WhatsApp-2023-09-16-ore-14.22.48-1-768x768.jpg 768w, https:\/\/www.asdelectrowavefishingteam.it\/wp-content\/uploads\/2023\/09\/Immagine-WhatsApp-2023-09-16-ore-14.22.48-1.jpg 1528w\" sizes=\"(max-width: 1024px) 100vw, 1024px\" \/>\t\t\t\t\t\t\t\t\t\t\t\t\t\t\t<\/div>\n\t\t\t\t<\/div>\n\t\t\t\t\t<\/div>\n\t\t<\/div>\n\t\t\t\t<div class=\"elementor-column elementor-col-50 elementor-top-column elementor-element elementor-element-12b75f2\" data-id=\"12b75f2\" data-element_type=\"column\">\n\t\t\t<div class=\"elementor-widget-wrap elementor-element-populated\">\n\t\t\t\t\t\t<div class=\"elementor-element elementor-element-420fe01 elementor-widget elementor-widget-video\" data-id=\"420fe01\" data-element_type=\"widget\" data-settings=\"{&quot;video_type&quot;:&quot;hosted&quot;,&quot;controls&quot;:&quot;yes&quot;}\" data-widget_type=\"video.default\">\n\t\t\t\t<div class=\"elementor-widget-container\">\n\t\t\t\t\t\t\t<div class=\"e-hosted-video elementor-wrapper elementor-open-inline\">\n\t\t\t\t\t<video class=\"elementor-video\" src=\"https:\/\/www.asdelectrowavefishingteam.it\/wp-content\/uploads\/2023\/09\/Video-WhatsApp-2023-09-16-ore-14.57.27-2.mp4\" controls=\"\" preload=\"metadata\" controlsList=\"nodownload\"><\/video>\n\t\t\t\t<\/div>\n\t\t\t\t\t\t<\/div>\n\t\t\t\t<\/div>\n\t\t\t\t\t<\/div>\n\t\t<\/div>\n\t\t\t\t\t<\/div>\n\t\t<\/section>\n\t\t\t\t<section class=\"elementor-section elementor-top-section elementor-element elementor-element-63e0f33 elementor-section-boxed elementor-section-height-default elementor-section-height-default\" data-id=\"63e0f33\" data-element_type=\"section\">\n\t\t\t\t\t\t<div class=\"elementor-container elementor-column-gap-default\">\n\t\t\t\t\t<div class=\"elementor-column elementor-col-33 elementor-top-column elementor-element elementor-element-26ae707\" data-id=\"26ae707\" data-element_type=\"column\">\n\t\t\t<div class=\"elementor-widget-wrap elementor-element-populated\">\n\t\t\t\t\t\t<div class=\"elementor-element elementor-element-3039a43 elementor-widget elementor-widget-video\" data-id=\"3039a43\" data-element_type=\"widget\" data-settings=\"{&quot;video_type&quot;:&quot;hosted&quot;,&quot;controls&quot;:&quot;yes&quot;}\" data-widget_type=\"video.default\">\n\t\t\t\t<div class=\"elementor-widget-container\">\n\t\t\t\t\t\t\t<div class=\"e-hosted-video elementor-wrapper elementor-open-inline\">\n\t\t\t\t\t<video class=\"elementor-video\" src=\"https:\/\/www.asdelectrowavefishingteam.it\/wp-content\/uploads\/2023\/09\/Video-WhatsApp-2023-09-20-ore-18.38.41a.mp4\" controls=\"\" preload=\"metadata\" controlsList=\"nodownload\"><\/video>\n\t\t\t\t<\/div>\n\t\t\t\t\t\t<\/div>\n\t\t\t\t<\/div>\n\t\t\t\t\t<\/div>\n\t\t<\/div>\n\t\t\t\t<div class=\"elementor-column elementor-col-33 elementor-top-column elementor-element elementor-element-eb68297\" data-id=\"eb68297\" data-element_type=\"column\">\n\t\t\t<div class=\"elementor-widget-wrap elementor-element-populated\">\n\t\t\t\t\t\t<div class=\"elementor-element elementor-element-77d826e elementor-widget elementor-widget-video\" data-id=\"77d826e\" data-element_type=\"widget\" data-settings=\"{&quot;video_type&quot;:&quot;hosted&quot;,&quot;controls&quot;:&quot;yes&quot;}\" data-widget_type=\"video.default\">\n\t\t\t\t<div class=\"elementor-widget-container\">\n\t\t\t\t\t\t\t<div class=\"e-hosted-video elementor-wrapper elementor-open-inline\">\n\t\t\t\t\t<video class=\"elementor-video\" src=\"https:\/\/www.asdelectrowavefishingteam.it\/wp-content\/uploads\/2023\/09\/Video-WhatsApp-2023-09-20-ore-18.38.41.mp4\" controls=\"\" preload=\"metadata\" controlsList=\"nodownload\"><\/video>\n\t\t\t\t<\/div>\n\t\t\t\t\t\t<\/div>\n\t\t\t\t<\/div>\n\t\t\t\t\t<\/div>\n\t\t<\/div>\n\t\t\t\t<div class=\"elementor-column elementor-col-33 elementor-top-column elementor-element elementor-element-187a4a2\" data-id=\"187a4a2\" data-element_type=\"column\">\n\t\t\t<div class=\"elementor-widget-wrap elementor-element-populated\">\n\t\t\t\t\t\t<div class=\"elementor-element elementor-element-c2f7a18 elementor-widget elementor-widget-video\" data-id=\"c2f7a18\" data-element_type=\"widget\" data-settings=\"{&quot;video_type&quot;:&quot;hosted&quot;,&quot;controls&quot;:&quot;yes&quot;}\" data-widget_type=\"video.default\">\n\t\t\t\t<div class=\"elementor-widget-container\">\n\t\t\t\t\t\t\t<div class=\"e-hosted-video elementor-wrapper elementor-open-inline\">\n\t\t\t\t\t<video class=\"elementor-video\" src=\"https:\/\/www.asdelectrowavefishingteam.it\/wp-content\/uploads\/2023\/09\/Video-WhatsApp-2023-09-16-ore-14.57.52-1.mp4\" controls=\"\" preload=\"metadata\" controlsList=\"nodownload\"><\/video>\n\t\t\t\t<\/div>\n\t\t\t\t\t\t<\/div>\n\t\t\t\t<\/div>\n\t\t\t\t\t<\/div>\n\t\t<\/div>\n\t\t\t\t\t<\/div>\n\t\t<\/section>\n\t\t\t\t<\/div>\n\t\t","protected":false},"excerpt":{"rendered":"<p>L\u2019ASD ElectroWave Fishing Reel Time Project, ha trovato il modo di far vivere il mare e il mondo della pesca anche a persone meno fortunate, ipovedenti e non vedenti. Per loro, per tutti\u2026 un\u2019esperienza unica.Ci sono tanti modi di vivere il mare. Per chi ha il dono della vista l\u2019immaginazione \u00e8 superflua, basta aprire gli occhi e le proprie menti &hellip;<\/p>\n","protected":false},"author":3,"featured_media":0,"parent":0,"menu_order":0,"comment_status":"closed","ping_status":"closed","template":"","meta":{"footnotes":""},"class_list":["post-12545","page","type-page","status-publish","hentry"],"_links":{"self":[{"href":"https:\/\/www.asdelectrowavefishingteam.it\/index.php\/wp-json\/wp\/v2\/pages\/12545","targetHints":{"allow":["GET"]}}],"collection":[{"href":"https:\/\/www.asdelectrowavefishingteam.it\/index.php\/wp-json\/wp\/v2\/pages"}],"about":[{"href":"https:\/\/www.asdelectrowavefishingteam.it\/index.php\/wp-json\/wp\/v2\/types\/page"}],"author":[{"embeddable":true,"href":"https:\/\/www.asdelectrowavefishingteam.it\/index.php\/wp-json\/wp\/v2\/users\/3"}],"replies":[{"embeddable":true,"href":"https:\/\/www.asdelectrowavefishingteam.it\/index.php\/wp-json\/wp\/v2\/comments?post=12545"}],"version-history":[{"count":32,"href":"https:\/\/www.asdelectrowavefishingteam.it\/index.php\/wp-json\/wp\/v2\/pages\/12545\/revisions"}],"predecessor-version":[{"id":13378,"href":"https:\/\/www.asdelectrowavefishingteam.it\/index.php\/wp-json\/wp\/v2\/pages\/12545\/revisions\/13378"}],"wp:attachment":[{"href":"https:\/\/www.asdelectrowavefishingteam.it\/index.php\/wp-json\/wp\/v2\/media?parent=12545"}],"curies":[{"name":"wp","href":"https:\/\/api.w.org\/{rel}","templated":true}]}}